{"id":198,"date":"2022-04-20T23:56:11","date_gmt":"2022-04-20T23:56:11","guid":{"rendered":"https:\/\/dkinyus.com.ar\/?page_id=198"},"modified":"2024-10-09T18:42:40","modified_gmt":"2024-10-09T18:42:40","slug":"como-comprar","status":"publish","type":"page","link":"https:\/\/dkinyus.com.ar\/?page_id=198","title":{"rendered":"C\u00f3mo comprar"},"content":{"rendered":"<div class=\"row\"  id=\"row-1489066489\">\n\n\t<div id=\"col-1710645558\" class=\"col small-12 large-12\"  >\n\t\t\t\t<div class=\"col-inner\"  >\n\t\t\t\n\t\t\t\n<div class=\"row\"  id=\"row-1197222364\">\n\n\t<div id=\"col-1267200908\" class=\"col small-12 large-12\"  >\n\t\t\t\t<div class=\"col-inner\"  >\n\t\t\t\n\t\t\t\n<h1><strong>COMO COMPRAR<br \/><\/strong><\/h1>\n<ol>\n<li>Elige el producto que deseas comprar.<\/li>\n<li>Haz clic en el bot\u00f3n de \u00abA\u00f1adir al carrito\u00bb. Esto agregar\u00e1 el producto a tu carrito.<\/li>\n<li>Puedes seguir agregando otros productos al carrito o sino haz clic en \u00abFinalizar Compra\u00bb.<\/li>\n<li>Completa tus datos de contacto y donde quer\u00e9s recibir el producto.<\/li>\n<li>Envio:\n<ul>\n<li>Para la ciudad de Brandsen y alrededores: Los env\u00edos los realizamos a trav\u00e9s de Moto mensajeria. Al colocar tu c\u00f3digo postal autom\u00e1ticamente te va a salir la opci\u00f3n con su costo correspondiente.<\/li>\n<li>Para el resto del pa\u00eds realizamos envio a trav\u00e9s de Correo Argentino.<\/li>\n<\/ul>\n<\/li>\n<li>Elige el medio de pago.\n<ul>\n<li>Paga en efectivo<\/li>\n<li><label for=\"payment_method_woo-mercado-pago-basic\">Paga con Tarjetas de D\u00e9bito y Cr\u00e9dito (Mercado pago)<\/label><br \/>Una vez que hayas elegido el medio de pago, haz clic en \u00abrealizar el pedido\u00bb.<\/li>\n<\/ul>\n<\/li>\n<li>En el caso de que hayas elegido mercadopago te va a llevar a la plataforma propia del sistema de pagos para poder pagar y finalizar tu compra.<\/li>\n<li>Una vez acreditado el pago, haremos el env\u00edo correspondiente de los productos que hayas comprado.<\/li>\n<li>Muchas gracias!<\/li>\n<\/ol>\n<h1>\u00a0<\/h1>\n\t\t<\/div>\n\t\t\t\t\t<\/div>\n\n\t\n<\/div>\n<div class=\"text-center\"><div class=\"is-divider divider clearfix\" ><\/div><\/div>\n\t\t<\/div>\n\t\t\t\t\t<\/div>\n\n\t\n<\/div>\n","protected":false},"excerpt":{"rendered":"","protected":false},"author":1,"featured_media":0,"parent":0,"menu_order":0,"comment_status":"closed","ping_status":"closed","template":"","meta":{"_acf_changed":false,"footnotes":""},"class_list":["post-198","page","type-page","status-publish","hentry"],"acf":[],"yoast_head":"<!-- This site is optimized with the Yoast SEO plugin v27.2 - https:\/\/yoast.com\/product\/yoast-seo-wordpress\/ -->\n<title>C\u00f3mo comprar - DKINYUS<\/title>\n<meta name=\"robots\" content=\"index, follow, max-snippet:-1, max-image-preview:large, max-video-preview:-1\" \/>\n<link rel=\"canonical\" href=\"https:\/\/dkinyus.com.ar\/?page_id=198\" \/>\n<meta property=\"og:locale\" content=\"es_ES\" \/>\n<meta property=\"og:type\" content=\"article\" \/>\n<meta property=\"og:title\" content=\"C\u00f3mo comprar - DKINYUS\" \/>\n<meta property=\"og:url\" content=\"https:\/\/dkinyus.com.ar\/?page_id=198\" \/>\n<meta property=\"og:site_name\" content=\"DKINYUS\" \/>\n<meta property=\"article:modified_time\" content=\"2024-10-09T18:42:40+00:00\" \/>\n<meta name=\"twitter:card\" content=\"summary_large_image\" \/>\n<meta name=\"twitter:label1\" content=\"Tiempo de lectura\" \/>\n\t<meta name=\"twitter:data1\" content=\"1 minuto\" \/>\n<script type=\"application\/ld+json\" class=\"yoast-schema-graph\">{\"@context\":\"https:\/\/schema.org\",\"@graph\":[{\"@type\":\"WebPage\",\"@id\":\"https:\/\/dkinyus.com.ar\/?page_id=198\",\"url\":\"https:\/\/dkinyus.com.ar\/?page_id=198\",\"name\":\"C\u00f3mo comprar - DKINYUS\",\"isPartOf\":{\"@id\":\"https:\/\/dkinyus.com.ar\/#website\"},\"datePublished\":\"2022-04-20T23:56:11+00:00\",\"dateModified\":\"2024-10-09T18:42:40+00:00\",\"breadcrumb\":{\"@id\":\"https:\/\/dkinyus.com.ar\/?page_id=198#breadcrumb\"},\"inLanguage\":\"es\",\"potentialAction\":[{\"@type\":\"ReadAction\",\"target\":[\"https:\/\/dkinyus.com.ar\/?page_id=198\"]}]},{\"@type\":\"BreadcrumbList\",\"@id\":\"https:\/\/dkinyus.com.ar\/?page_id=198#breadcrumb\",\"itemListElement\":[{\"@type\":\"ListItem\",\"position\":1,\"name\":\"Portada\",\"item\":\"https:\/\/dkinyus.com.ar\/\"},{\"@type\":\"ListItem\",\"position\":2,\"name\":\"C\u00f3mo comprar\"}]},{\"@type\":\"WebSite\",\"@id\":\"https:\/\/dkinyus.com.ar\/#website\",\"url\":\"https:\/\/dkinyus.com.ar\/\",\"name\":\"DKINYUS\",\"description\":\"Indumentaria &amp; Calzado Urbano\",\"potentialAction\":[{\"@type\":\"SearchAction\",\"target\":{\"@type\":\"EntryPoint\",\"urlTemplate\":\"https:\/\/dkinyus.com.ar\/?s={search_term_string}\"},\"query-input\":{\"@type\":\"PropertyValueSpecification\",\"valueRequired\":true,\"valueName\":\"search_term_string\"}}],\"inLanguage\":\"es\"}]}<\/script>\n<!-- \/ Yoast SEO plugin. -->","yoast_head_json":{"title":"C\u00f3mo comprar - DKINYUS","robots":{"index":"index","follow":"follow","max-snippet":"max-snippet:-1","max-image-preview":"max-image-preview:large","max-video-preview":"max-video-preview:-1"},"canonical":"https:\/\/dkinyus.com.ar\/?page_id=198","og_locale":"es_ES","og_type":"article","og_title":"C\u00f3mo comprar - DKINYUS","og_url":"https:\/\/dkinyus.com.ar\/?page_id=198","og_site_name":"DKINYUS","article_modified_time":"2024-10-09T18:42:40+00:00","twitter_card":"summary_large_image","twitter_misc":{"Tiempo de lectura":"1 minuto"},"schema":{"@context":"https:\/\/schema.org","@graph":[{"@type":"WebPage","@id":"https:\/\/dkinyus.com.ar\/?page_id=198","url":"https:\/\/dkinyus.com.ar\/?page_id=198","name":"C\u00f3mo comprar - DKINYUS","isPartOf":{"@id":"https:\/\/dkinyus.com.ar\/#website"},"datePublished":"2022-04-20T23:56:11+00:00","dateModified":"2024-10-09T18:42:40+00:00","breadcrumb":{"@id":"https:\/\/dkinyus.com.ar\/?page_id=198#breadcrumb"},"inLanguage":"es","potentialAction":[{"@type":"ReadAction","target":["https:\/\/dkinyus.com.ar\/?page_id=198"]}]},{"@type":"BreadcrumbList","@id":"https:\/\/dkinyus.com.ar\/?page_id=198#breadcrumb","itemListElement":[{"@type":"ListItem","position":1,"name":"Portada","item":"https:\/\/dkinyus.com.ar\/"},{"@type":"ListItem","position":2,"name":"C\u00f3mo comprar"}]},{"@type":"WebSite","@id":"https:\/\/dkinyus.com.ar\/#website","url":"https:\/\/dkinyus.com.ar\/","name":"DKINYUS","description":"Indumentaria &amp; Calzado Urbano","potentialAction":[{"@type":"SearchAction","target":{"@type":"EntryPoint","urlTemplate":"https:\/\/dkinyus.com.ar\/?s={search_term_string}"},"query-input":{"@type":"PropertyValueSpecification","valueRequired":true,"valueName":"search_term_string"}}],"inLanguage":"es"}]}},"_links":{"self":[{"href":"https:\/\/dkinyus.com.ar\/index.php?rest_route=\/wp\/v2\/pages\/198","targetHints":{"allow":["GET"]}}],"collection":[{"href":"https:\/\/dkinyus.com.ar\/index.php?rest_route=\/wp\/v2\/pages"}],"about":[{"href":"https:\/\/dkinyus.com.ar\/index.php?rest_route=\/wp\/v2\/types\/page"}],"author":[{"embeddable":true,"href":"https:\/\/dkinyus.com.ar\/index.php?rest_route=\/wp\/v2\/users\/1"}],"replies":[{"embeddable":true,"href":"https:\/\/dkinyus.com.ar\/index.php?rest_route=%2Fwp%2Fv2%2Fcomments&post=198"}],"version-history":[{"count":4,"href":"https:\/\/dkinyus.com.ar\/index.php?rest_route=\/wp\/v2\/pages\/198\/revisions"}],"predecessor-version":[{"id":6168,"href":"https:\/\/dkinyus.com.ar\/index.php?rest_route=\/wp\/v2\/pages\/198\/revisions\/6168"}],"wp:attachment":[{"href":"https:\/\/dkinyus.com.ar\/index.php?rest_route=%2Fwp%2Fv2%2Fmedia&parent=198"}],"curies":[{"name":"wp","href":"https:\/\/api.w.org\/{rel}","templated":true}]}}